{"id":3024,"date":"2026-04-06T21:38:41","date_gmt":"2026-04-06T19:38:41","guid":{"rendered":"https:\/\/purificacionabad.com\/?post_type=product&#038;p=3024"},"modified":"2026-04-06T21:48:19","modified_gmt":"2026-04-06T19:48:19","slug":"pin-metalico-dorado-portada-de-feria-sevilla-2026-2","status":"publish","type":"product","link":"https:\/\/purificacionabad.com\/en\/product\/pin-metalico-dorado-portada-de-feria-sevilla-2026-2\/","title":{"rendered":"Pin met\u00e1lico dorado Portada de Feria Sevilla 2026"},"content":{"rendered":"<p>Es \u00e9l pin met\u00e1lico dorado de la Feria de Sevilla.<\/p>","protected":false},"excerpt":{"rendered":"<p>PIN METALICO\u00a0 DORADO PORTADA FERIA DE SEVILLA 2026<\/p>","protected":false},"featured_media":3027,"comment_status":"open","ping_status":"closed","template":"","meta":{"site-sidebar-layout":"default","site-content-layout":"default","ast-global-header-display":"","ast-banner-title-visibility":"","ast-main-header-display":"","ast-hfb-above-header-display":"","ast-hfb-below-header-display":"","ast-hfb-mobile-header-display":"","site-post-title":"","ast-breadcrumbs-content":"","ast-featured-img":"","footer-sml-layout":"","theme-transparent-header-meta":"default","adv-header-id-meta":"","stick-header-meta":"","header-above-stick-meta":"","header-main-stick-meta":"","header-below-stick-meta":"","_joinchat":[]},"product_cat":[256,68],"product_tag":[188,72,270,283,271,257,259,79,258,269,260,78],"class_list":["post-3024","product","type-product","status-publish","has-post-thumbnail","hentry","product_cat-gemelos-giraldillo","product_cat-gemelos-sevillanos","product_tag-dorado","product_tag-feria","product_tag-feria-2025","product_tag-feria-2026","product_tag-feria-de-sevilla","product_tag-gemelos","product_tag-gemelos-del-giraldillo-de-sevilla","product_tag-giraldillo","product_tag-pasadores","product_tag-pin","product_tag-plateados","product_tag-sevilla","desktop-align-left","tablet-align-left","mobile-align-left","ast-product-gallery-layout-horizontal-slider","ast-product-tabs-layout-vertical","ast-qv-on-image"],"yoast_head":"<!-- This site is optimized with the Yoast SEO plugin v21.5 - https:\/\/yoast.com\/wordpress\/plugins\/seo\/ -->\n<title>Pin met\u00e1lico dorado Portada de Feria Sevilla 2026 - Purificaci\u00f3n Abad<\/title>\n<meta name=\"description\" content=\"Pin met\u00e1lico dorado Feria de Sevilla\" \/>\n<meta name=\"robots\" content=\"index, follow, max-snippet:-1, max-image-preview:large, max-video-preview:-1\" \/>\n<link rel=\"canonical\" href=\"https:\/\/purificacionabad.com\/en\/product\/pin-metalico-dorado-portada-de-feria-sevilla-2026-2\/\" \/>\n<meta property=\"og:locale\" content=\"en_US\" \/>\n<meta property=\"og:type\" content=\"article\" \/>\n<meta property=\"og:title\" content=\"Pin met\u00e1lico dorado Portada de Feria Sevilla 2026 - Purificaci\u00f3n Abad\" \/>\n<meta property=\"og:description\" content=\"Pin met\u00e1lico dorado Feria de Sevilla\" \/>\n<meta property=\"og:url\" content=\"https:\/\/purificacionabad.com\/en\/product\/pin-metalico-dorado-portada-de-feria-sevilla-2026-2\/\" \/>\n<meta property=\"og:site_name\" content=\"Purificaci\u00f3n Abad\" \/>\n<meta property=\"article:modified_time\" content=\"2026-04-06T19:48:19+00:00\" \/>\n<meta property=\"og:image\" content=\"https:\/\/purificacionabad.com\/wp-content\/uploads\/2026\/04\/1775503866935-scaled.jpg\" \/>\n\t<meta property=\"og:image:width\" content=\"2560\" \/>\n\t<meta property=\"og:image:height\" content=\"2560\" \/>\n\t<meta property=\"og:image:type\" content=\"image\/jpeg\" \/>\n<meta name=\"twitter:card\" content=\"summary_large_image\" \/>\n<meta name=\"twitter:label1\" content=\"Est. reading time\" \/>\n\t<meta name=\"twitter:data1\" content=\"1 minute\" \/>\n<script type=\"application\/ld+json\" class=\"yoast-schema-graph\">{\"@context\":\"https:\/\/schema.org\",\"@graph\":[{\"@type\":\"WebPage\",\"@id\":\"https:\/\/purificacionabad.com\/producto\/pin-metalico-dorado-portada-de-feria-sevilla-2026-2\/\",\"url\":\"https:\/\/purificacionabad.com\/producto\/pin-metalico-dorado-portada-de-feria-sevilla-2026-2\/\",\"name\":\"Pin met\u00e1lico dorado Portada de Feria Sevilla 2026 - Purificaci\u00f3n Abad\",\"isPartOf\":{\"@id\":\"https:\/\/purificacionabad.com\/#website\"},\"datePublished\":\"2026-04-06T19:38:41+00:00\",\"dateModified\":\"2026-04-06T19:48:19+00:00\",\"description\":\"Pin met\u00e1lico dorado Feria de Sevilla\",\"breadcrumb\":{\"@id\":\"https:\/\/purificacionabad.com\/producto\/pin-metalico-dorado-portada-de-feria-sevilla-2026-2\/#breadcrumb\"},\"inLanguage\":\"en-US\",\"potentialAction\":[{\"@type\":\"ReadAction\",\"target\":[\"https:\/\/purificacionabad.com\/producto\/pin-metalico-dorado-portada-de-feria-sevilla-2026-2\/\"]}]},{\"@type\":\"BreadcrumbList\",\"@id\":\"https:\/\/purificacionabad.com\/producto\/pin-metalico-dorado-portada-de-feria-sevilla-2026-2\/#breadcrumb\",\"itemListElement\":[{\"@type\":\"ListItem\",\"position\":1,\"name\":\"Portada\",\"item\":\"https:\/\/purificacionabad.com\/\"},{\"@type\":\"ListItem\",\"position\":2,\"name\":\"Tienda\",\"item\":\"https:\/\/purificacionabad.com\/tienda\/\"},{\"@type\":\"ListItem\",\"position\":3,\"name\":\"Pin met\u00e1lico dorado Portada de Feria Sevilla 2026\"}]},{\"@type\":\"WebSite\",\"@id\":\"https:\/\/purificacionabad.com\/#website\",\"url\":\"https:\/\/purificacionabad.com\/\",\"name\":\"Purificaci\u00f3n Abad\",\"description\":\"Firma de moda en Sevilla.\",\"publisher\":{\"@id\":\"https:\/\/purificacionabad.com\/#organization\"},\"potentialAction\":[{\"@type\":\"SearchAction\",\"target\":{\"@type\":\"EntryPoint\",\"urlTemplate\":\"https:\/\/purificacionabad.com\/?s={search_term_string}\"},\"query-input\":\"required name=search_term_string\"}],\"inLanguage\":\"en-US\"},{\"@type\":\"Organization\",\"@id\":\"https:\/\/purificacionabad.com\/#organization\",\"name\":\"Purificaci\u00f3n Abad\",\"url\":\"https:\/\/purificacionabad.com\/\",\"logo\":{\"@type\":\"ImageObject\",\"inLanguage\":\"en-US\",\"@id\":\"https:\/\/purificacionabad.com\/#\/schema\/logo\/image\/\",\"url\":\"https:\/\/purificacionabad.com\/wp-content\/uploads\/2023\/07\/puri-abad-perchas-1-1.png\",\"contentUrl\":\"https:\/\/purificacionabad.com\/wp-content\/uploads\/2023\/07\/puri-abad-perchas-1-1.png\",\"width\":2372,\"height\":2104,\"caption\":\"Purificaci\u00f3n Abad\"},\"image\":{\"@id\":\"https:\/\/purificacionabad.com\/#\/schema\/logo\/image\/\"}}]}<\/script>\n<!-- \/ Yoast SEO plugin. -->","yoast_head_json":{"title":"Pin met\u00e1lico dorado Portada de Feria Sevilla 2026 - Purificaci\u00f3n Abad","description":"Pin met\u00e1lico dorado Feria de Sevilla","robots":{"index":"index","follow":"follow","max-snippet":"max-snippet:-1","max-image-preview":"max-image-preview:large","max-video-preview":"max-video-preview:-1"},"canonical":"https:\/\/purificacionabad.com\/en\/product\/pin-metalico-dorado-portada-de-feria-sevilla-2026-2\/","og_locale":"en_US","og_type":"article","og_title":"Pin met\u00e1lico dorado Portada de Feria Sevilla 2026 - Purificaci\u00f3n Abad","og_description":"Pin met\u00e1lico dorado Feria de Sevilla","og_url":"https:\/\/purificacionabad.com\/en\/product\/pin-metalico-dorado-portada-de-feria-sevilla-2026-2\/","og_site_name":"Purificaci\u00f3n Abad","article_modified_time":"2026-04-06T19:48:19+00:00","og_image":[{"width":2560,"height":2560,"url":"https:\/\/purificacionabad.com\/wp-content\/uploads\/2026\/04\/1775503866935-scaled.jpg","type":"image\/jpeg"}],"twitter_card":"summary_large_image","twitter_misc":{"Est. reading time":"1 minute"},"schema":{"@context":"https:\/\/schema.org","@graph":[{"@type":"WebPage","@id":"https:\/\/purificacionabad.com\/producto\/pin-metalico-dorado-portada-de-feria-sevilla-2026-2\/","url":"https:\/\/purificacionabad.com\/producto\/pin-metalico-dorado-portada-de-feria-sevilla-2026-2\/","name":"Pin met\u00e1lico dorado Portada de Feria Sevilla 2026 - Purificaci\u00f3n Abad","isPartOf":{"@id":"https:\/\/purificacionabad.com\/#website"},"datePublished":"2026-04-06T19:38:41+00:00","dateModified":"2026-04-06T19:48:19+00:00","description":"Pin met\u00e1lico dorado Feria de Sevilla","breadcrumb":{"@id":"https:\/\/purificacionabad.com\/producto\/pin-metalico-dorado-portada-de-feria-sevilla-2026-2\/#breadcrumb"},"inLanguage":"en-US","potentialAction":[{"@type":"ReadAction","target":["https:\/\/purificacionabad.com\/producto\/pin-metalico-dorado-portada-de-feria-sevilla-2026-2\/"]}]},{"@type":"BreadcrumbList","@id":"https:\/\/purificacionabad.com\/producto\/pin-metalico-dorado-portada-de-feria-sevilla-2026-2\/#breadcrumb","itemListElement":[{"@type":"ListItem","position":1,"name":"Portada","item":"https:\/\/purificacionabad.com\/"},{"@type":"ListItem","position":2,"name":"Tienda","item":"https:\/\/purificacionabad.com\/tienda\/"},{"@type":"ListItem","position":3,"name":"Pin met\u00e1lico dorado Portada de Feria Sevilla 2026"}]},{"@type":"WebSite","@id":"https:\/\/purificacionabad.com\/#website","url":"https:\/\/purificacionabad.com\/","name":"Purificaci\u00f3n Abad","description":"Firma de moda en Sevilla.","publisher":{"@id":"https:\/\/purificacionabad.com\/#organization"},"potentialAction":[{"@type":"SearchAction","target":{"@type":"EntryPoint","urlTemplate":"https:\/\/purificacionabad.com\/?s={search_term_string}"},"query-input":"required name=search_term_string"}],"inLanguage":"en-US"},{"@type":"Organization","@id":"https:\/\/purificacionabad.com\/#organization","name":"Purificaci\u00f3n Abad","url":"https:\/\/purificacionabad.com\/","logo":{"@type":"ImageObject","inLanguage":"en-US","@id":"https:\/\/purificacionabad.com\/#\/schema\/logo\/image\/","url":"https:\/\/purificacionabad.com\/wp-content\/uploads\/2023\/07\/puri-abad-perchas-1-1.png","contentUrl":"https:\/\/purificacionabad.com\/wp-content\/uploads\/2023\/07\/puri-abad-perchas-1-1.png","width":2372,"height":2104,"caption":"Purificaci\u00f3n Abad"},"image":{"@id":"https:\/\/purificacionabad.com\/#\/schema\/logo\/image\/"}}]}},"_links":{"self":[{"href":"https:\/\/purificacionabad.com\/en\/wp-json\/wp\/v2\/product\/3024","targetHints":{"allow":["GET"]}}],"collection":[{"href":"https:\/\/purificacionabad.com\/en\/wp-json\/wp\/v2\/product"}],"about":[{"href":"https:\/\/purificacionabad.com\/en\/wp-json\/wp\/v2\/types\/product"}],"replies":[{"embeddable":true,"href":"https:\/\/purificacionabad.com\/en\/wp-json\/wp\/v2\/comments?post=3024"}],"wp:featuredmedia":[{"embeddable":true,"href":"https:\/\/purificacionabad.com\/en\/wp-json\/wp\/v2\/media\/3027"}],"wp:attachment":[{"href":"https:\/\/purificacionabad.com\/en\/wp-json\/wp\/v2\/media?parent=3024"}],"wp:term":[{"taxonomy":"product_cat","embeddable":true,"href":"https:\/\/purificacionabad.com\/en\/wp-json\/wp\/v2\/product_cat?post=3024"},{"taxonomy":"product_tag","embeddable":true,"href":"https:\/\/purificacionabad.com\/en\/wp-json\/wp\/v2\/product_tag?post=3024"}],"curies":[{"name":"wp","href":"https:\/\/api.w.org\/{rel}","templated":true}]}}